{"id":586,"date":"2019-11-16T11:09:17","date_gmt":"2019-11-16T10:09:17","guid":{"rendered":"http:\/\/papereriaeva.com\/?page_id=586"},"modified":"2023-12-29T18:12:06","modified_gmt":"2023-12-29T17:12:06","slug":"serveis","status":"publish","type":"page","link":"https:\/\/www.papereriaeva.com\/es\/serveis\/","title":{"rendered":"Servicios"},"content":{"rendered":"\t\t<div data-elementor-type=\"wp-page\" data-elementor-id=\"586\" class=\"elementor elementor-586\" data-elementor-post-type=\"page\">\n\t\t\t\t\t\t<section class=\"elementor-section elementor-top-section elementor-element elementor-element-17afb06 elementor-section-full_width elementor-section-height-default elementor-section-height-default\" data-id=\"17afb06\" data-element_type=\"section\" data-e-type=\"section\">\n\t\t\t\t\t\t<div class=\"elementor-container elementor-column-gap-no\">\n\t\t\t\t\t<div class=\"elementor-column elementor-col-100 elementor-top-column elementor-element elementor-element-17d4471e\" data-id=\"17d4471e\" data-element_type=\"column\" data-e-type=\"column\">\n\t\t\t<div class=\"elementor-widget-wrap elementor-element-populated\">\n\t\t\t\t\t\t<div class=\"elementor-element elementor-element-b8a745f elementor-widget elementor-widget-heading\" data-id=\"b8a745f\" data-element_type=\"widget\" data-e-type=\"widget\" data-widget_type=\"heading.default\">\n\t\t\t\t<div class=\"elementor-widget-container\">\n\t\t\t\t\t<h3 class=\"elementor-heading-title elementor-size-default\">A Papereria Eva, servei d\u2019impremta i copisteria al moment!<\/h3>\t\t\t\t<\/div>\n\t\t\t\t<\/div>\n\t\t\t\t<div class=\"elementor-element elementor-element-219d87ed elementor-widget elementor-widget-text-editor\" data-id=\"219d87ed\" data-element_type=\"widget\" data-e-type=\"widget\" data-widget_type=\"text-editor.default\">\n\t\t\t\t<div class=\"elementor-widget-container\">\n\t\t\t\t\t\t\t\t\t<ul><li>Fotoc\u00f2pies en blanc i negre i a color fins a mida DinA3.<\/li><li>Ampliacions.<\/li><li>Impressions de documents des d\u2019usb o correu electr\u00f2nic.<\/li><li>Enquadernacions.<\/li><li>Plastificacions\u2026.<\/li><\/ul>\t\t\t\t\t\t\t\t<\/div>\n\t\t\t\t<\/div>\n\t\t\t\t<div class=\"elementor-element elementor-element-cebaa38 elementor-widget elementor-widget-heading\" data-id=\"cebaa38\" data-element_type=\"widget\" data-e-type=\"widget\" data-widget_type=\"heading.default\">\n\t\t\t\t<div class=\"elementor-widget-container\">\n\t\t\t\t\t<h3 class=\"elementor-heading-title elementor-size-default\">I molts m\u00e9s serveis!<\/h3>\t\t\t\t<\/div>\n\t\t\t\t<\/div>\n\t\t\t\t<div class=\"elementor-element elementor-element-70efb32 elementor-widget elementor-widget-text-editor\" data-id=\"70efb32\" data-element_type=\"widget\" data-e-type=\"widget\" data-widget_type=\"text-editor.default\">\n\t\t\t\t<div class=\"elementor-widget-container\">\n\t\t\t\t\t\t\t\t\t<ul><li>C\u00f2pia de claus a l&#8217;instant.<\/li><li>Calendaris, carnets, papereria.<\/li><li style=\"text-align: justify;\">Fotos D.N.I.<\/li><\/ul>\t\t\t\t\t\t\t\t<\/div>\n\t\t\t\t<\/div>\n\t\t\t\t<div class=\"elementor-element elementor-element-3347d10 elementor-widget elementor-widget-heading\" data-id=\"3347d10\" data-element_type=\"widget\" data-e-type=\"widget\" data-widget_type=\"heading.default\">\n\t\t\t\t<div class=\"elementor-widget-container\">\n\t\t\t\t\t<h3 class=\"elementor-heading-title elementor-size-default\">Vine a Papereria Eva, donarem soluci\u00f3 a all\u00f2 que necessitis!<\/h3>\t\t\t\t<\/div>\n\t\t\t\t<\/div>\n\t\t\t\t<div class=\"elementor-element elementor-element-133f4d2 elementor-widget elementor-widget-gallery\" data-id=\"133f4d2\" data-element_type=\"widget\" data-e-type=\"widget\" data-settings=\"{&quot;columns_tablet&quot;:3,&quot;columns_mobile&quot;:2,&quot;gap_mobile&quot;:{&quot;unit&quot;:&quot;px&quot;,&quot;size&quot;:2,&quot;sizes&quot;:[]},&quot;aspect_ratio&quot;:&quot;4:3&quot;,&quot;gap&quot;:{&quot;unit&quot;:&quot;px&quot;,&quot;size&quot;:5,&quot;sizes&quot;:[]},&quot;gap_tablet&quot;:{&quot;unit&quot;:&quot;px&quot;,&quot;size&quot;:4,&quot;sizes&quot;:[]},&quot;lazyload&quot;:&quot;yes&quot;,&quot;gallery_layout&quot;:&quot;grid&quot;,&quot;columns&quot;:4,&quot;link_to&quot;:&quot;file&quot;,&quot;overlay_background&quot;:&quot;yes&quot;,&quot;content_hover_animation&quot;:&quot;fade-in&quot;}\" data-widget_type=\"gallery.default\">\n\t\t\t\t<div class=\"elementor-widget-container\">\n\t\t\t\t\t\t\t<div class=\"elementor-gallery__container\">\n\t\t\t\t\t\t\t<a class=\"e-gallery-item elementor-gallery-item elementor-animated-content\" href=\"https:\/\/www.papereriaeva.com\/wp-content\/uploads\/2023\/07\/Papereria-Eva-Sant-Feliu-de-Guixols-Serveis-7.jpg\" data-elementor-open-lightbox=\"yes\" data-elementor-lightbox-slideshow=\"133f4d2\" data-elementor-lightbox-title=\"Papereria Eva - Sant Feliu de Gu\u00edxols - Servicios\" data-e-action-hash=\"#elementor-action%3Aaction%3Dlightbox%26settings%3DeyJpZCI6MjE2OCwidXJsIjoiaHR0cHM6XC9cL3d3dy5wYXBlcmVyaWFldmEuY29tXC93cC1jb250ZW50XC91cGxvYWRzXC8yMDIzXC8wN1wvUGFwZXJlcmlhLUV2YS1TYW50LUZlbGl1LWRlLUd1aXhvbHMtU2VydmVpcy03LmpwZyIsInNsaWRlc2hvdyI6IjEzM2Y0ZDIifQ%3D%3D\">\n\t\t\t\t\t<div class=\"e-gallery-image elementor-gallery-item__image\" data-thumbnail=\"https:\/\/www.papereriaeva.com\/wp-content\/uploads\/2023\/07\/Papereria-Eva-Sant-Feliu-de-Guixols-Serveis-7.jpg\" data-width=\"850\" data-height=\"638\" aria-label=\"Papereria Eva - Sant Feliu de Gu\u00edxols - Serveis\" role=\"img\" ><\/div>\n\t\t\t\t\t\t\t\t\t\t\t<div class=\"elementor-gallery-item__overlay\"><\/div>\n\t\t\t\t\t\t\t\t\t\t\t\t\t\t<\/a>\n\t\t\t\t\t\t\t<a class=\"e-gallery-item elementor-gallery-item elementor-animated-content\" href=\"https:\/\/www.papereriaeva.com\/wp-content\/uploads\/2023\/12\/Papereria-Eva-Sant-Feliu-de-Guixols-Serveis-11.jpg\" data-elementor-open-lightbox=\"yes\" data-elementor-lightbox-slideshow=\"133f4d2\" data-elementor-lightbox-title=\"Papereria Eva - Sant Feliu de Gu\u00edxols - Servicios\" data-e-action-hash=\"#elementor-action%3Aaction%3Dlightbox%26settings%3DeyJpZCI6MjM2MSwidXJsIjoiaHR0cHM6XC9cL3d3dy5wYXBlcmVyaWFldmEuY29tXC93cC1jb250ZW50XC91cGxvYWRzXC8yMDIzXC8xMlwvUGFwZXJlcmlhLUV2YS1TYW50LUZlbGl1LWRlLUd1aXhvbHMtU2VydmVpcy0xMS5qcGciLCJzbGlkZXNob3ciOiIxMzNmNGQyIn0%3D\">\n\t\t\t\t\t<div class=\"e-gallery-image elementor-gallery-item__image\" data-thumbnail=\"https:\/\/www.papereriaeva.com\/wp-content\/uploads\/2023\/12\/Papereria-Eva-Sant-Feliu-de-Guixols-Serveis-11.jpg\" data-width=\"850\" data-height=\"638\" aria-label=\"Papereria Eva - Sant Feliu de Gu\u00edxols - Serveis\" role=\"img\" ><\/div>\n\t\t\t\t\t\t\t\t\t\t\t<div class=\"elementor-gallery-item__overlay\"><\/div>\n\t\t\t\t\t\t\t\t\t\t\t\t\t\t<\/a>\n\t\t\t\t\t\t\t<a class=\"e-gallery-item elementor-gallery-item elementor-animated-content\" href=\"https:\/\/www.papereriaeva.com\/wp-content\/uploads\/2023\/07\/Papereria-Eva-Sant-Feliu-de-Guixols-Serveis-3.jpg\" data-elementor-open-lightbox=\"yes\" data-elementor-lightbox-slideshow=\"133f4d2\" data-elementor-lightbox-title=\"Papereria Eva - Sant Feliu de Gu\u00edxols - Servicios\" data-e-action-hash=\"#elementor-action%3Aaction%3Dlightbox%26settings%3DeyJpZCI6MjE2NCwidXJsIjoiaHR0cHM6XC9cL3d3dy5wYXBlcmVyaWFldmEuY29tXC93cC1jb250ZW50XC91cGxvYWRzXC8yMDIzXC8wN1wvUGFwZXJlcmlhLUV2YS1TYW50LUZlbGl1LWRlLUd1aXhvbHMtU2VydmVpcy0zLmpwZyIsInNsaWRlc2hvdyI6IjEzM2Y0ZDIifQ%3D%3D\">\n\t\t\t\t\t<div class=\"e-gallery-image elementor-gallery-item__image\" data-thumbnail=\"https:\/\/www.papereriaeva.com\/wp-content\/uploads\/2023\/07\/Papereria-Eva-Sant-Feliu-de-Guixols-Serveis-3.jpg\" data-width=\"850\" data-height=\"638\" aria-label=\"Papereria Eva - Sant Feliu de Gu\u00edxols - Serveis\" role=\"img\" ><\/div>\n\t\t\t\t\t\t\t\t\t\t\t<div class=\"elementor-gallery-item__overlay\"><\/div>\n\t\t\t\t\t\t\t\t\t\t\t\t\t\t<\/a>\n\t\t\t\t\t\t\t<a class=\"e-gallery-item elementor-gallery-item elementor-animated-content\" href=\"https:\/\/www.papereriaeva.com\/wp-content\/uploads\/2023\/07\/Papereria-Eva-Sant-Feliu-de-Guixols-Serveis-6.jpg\" data-elementor-open-lightbox=\"yes\" data-elementor-lightbox-slideshow=\"133f4d2\" data-elementor-lightbox-title=\"Papereria Eva - Sant Feliu de Gu\u00edxols - Servicios\" data-e-action-hash=\"#elementor-action%3Aaction%3Dlightbox%26settings%3DeyJpZCI6MjE2NywidXJsIjoiaHR0cHM6XC9cL3d3dy5wYXBlcmVyaWFldmEuY29tXC93cC1jb250ZW50XC91cGxvYWRzXC8yMDIzXC8wN1wvUGFwZXJlcmlhLUV2YS1TYW50LUZlbGl1LWRlLUd1aXhvbHMtU2VydmVpcy02LmpwZyIsInNsaWRlc2hvdyI6IjEzM2Y0ZDIifQ%3D%3D\">\n\t\t\t\t\t<div class=\"e-gallery-image elementor-gallery-item__image\" data-thumbnail=\"https:\/\/www.papereriaeva.com\/wp-content\/uploads\/2023\/07\/Papereria-Eva-Sant-Feliu-de-Guixols-Serveis-6.jpg\" data-width=\"850\" data-height=\"638\" aria-label=\"Papereria Eva - Sant Feliu de Gu\u00edxols - Serveis\" role=\"img\" ><\/div>\n\t\t\t\t\t\t\t\t\t\t\t<div class=\"elementor-gallery-item__overlay\"><\/div>\n\t\t\t\t\t\t\t\t\t\t\t\t\t\t<\/a>\n\t\t\t\t\t\t\t<a class=\"e-gallery-item elementor-gallery-item elementor-animated-content\" href=\"https:\/\/www.papereriaeva.com\/wp-content\/uploads\/2023\/07\/Papereria-Eva-Sant-Feliu-de-Guixols-Serveis-8.jpg\" data-elementor-open-lightbox=\"yes\" data-elementor-lightbox-slideshow=\"133f4d2\" data-elementor-lightbox-title=\"Papereria Eva - Sant Feliu de Gu\u00edxols - Servicios\" data-e-action-hash=\"#elementor-action%3Aaction%3Dlightbox%26settings%3DeyJpZCI6MjE2OSwidXJsIjoiaHR0cHM6XC9cL3d3dy5wYXBlcmVyaWFldmEuY29tXC93cC1jb250ZW50XC91cGxvYWRzXC8yMDIzXC8wN1wvUGFwZXJlcmlhLUV2YS1TYW50LUZlbGl1LWRlLUd1aXhvbHMtU2VydmVpcy04LmpwZyIsInNsaWRlc2hvdyI6IjEzM2Y0ZDIifQ%3D%3D\">\n\t\t\t\t\t<div class=\"e-gallery-image elementor-gallery-item__image\" data-thumbnail=\"https:\/\/www.papereriaeva.com\/wp-content\/uploads\/2023\/07\/Papereria-Eva-Sant-Feliu-de-Guixols-Serveis-8.jpg\" data-width=\"850\" data-height=\"638\" aria-label=\"Papereria Eva - Sant Feliu de Gu\u00edxols - Serveis\" role=\"img\" ><\/div>\n\t\t\t\t\t\t\t\t\t\t\t<div class=\"elementor-gallery-item__overlay\"><\/div>\n\t\t\t\t\t\t\t\t\t\t\t\t\t\t<\/a>\n\t\t\t\t\t\t\t<a class=\"e-gallery-item elementor-gallery-item elementor-animated-content\" href=\"https:\/\/www.papereriaeva.com\/wp-content\/uploads\/2023\/12\/Papereria-Eva-Sant-Feliu-de-Guixols-Serveis-10.jpg\" data-elementor-open-lightbox=\"yes\" data-elementor-lightbox-slideshow=\"133f4d2\" data-elementor-lightbox-title=\"Papereria Eva - Sant Feliu de Gu\u00edxols - Servicios\" data-e-action-hash=\"#elementor-action%3Aaction%3Dlightbox%26settings%3DeyJpZCI6MjM2MCwidXJsIjoiaHR0cHM6XC9cL3d3dy5wYXBlcmVyaWFldmEuY29tXC93cC1jb250ZW50XC91cGxvYWRzXC8yMDIzXC8xMlwvUGFwZXJlcmlhLUV2YS1TYW50LUZlbGl1LWRlLUd1aXhvbHMtU2VydmVpcy0xMC5qcGciLCJzbGlkZXNob3ciOiIxMzNmNGQyIn0%3D\">\n\t\t\t\t\t<div class=\"e-gallery-image elementor-gallery-item__image\" data-thumbnail=\"https:\/\/www.papereriaeva.com\/wp-content\/uploads\/2023\/12\/Papereria-Eva-Sant-Feliu-de-Guixols-Serveis-10.jpg\" data-width=\"850\" data-height=\"638\" aria-label=\"Papereria Eva - Sant Feliu de Gu\u00edxols - Serveis\" role=\"img\" ><\/div>\n\t\t\t\t\t\t\t\t\t\t\t<div class=\"elementor-gallery-item__overlay\"><\/div>\n\t\t\t\t\t\t\t\t\t\t\t\t\t\t<\/a>\n\t\t\t\t\t\t\t<a class=\"e-gallery-item elementor-gallery-item elementor-animated-content\" href=\"https:\/\/www.papereriaeva.com\/wp-content\/uploads\/2023\/07\/Papereria-Eva-Sant-Feliu-de-Guixols-Serveis-5.jpg\" data-elementor-open-lightbox=\"yes\" data-elementor-lightbox-slideshow=\"133f4d2\" data-elementor-lightbox-title=\"Papereria Eva - Sant Feliu de Gu\u00edxols - Servicios\" data-e-action-hash=\"#elementor-action%3Aaction%3Dlightbox%26settings%3DeyJpZCI6MjE2NiwidXJsIjoiaHR0cHM6XC9cL3d3dy5wYXBlcmVyaWFldmEuY29tXC93cC1jb250ZW50XC91cGxvYWRzXC8yMDIzXC8wN1wvUGFwZXJlcmlhLUV2YS1TYW50LUZlbGl1LWRlLUd1aXhvbHMtU2VydmVpcy01LmpwZyIsInNsaWRlc2hvdyI6IjEzM2Y0ZDIifQ%3D%3D\">\n\t\t\t\t\t<div class=\"e-gallery-image elementor-gallery-item__image\" data-thumbnail=\"https:\/\/www.papereriaeva.com\/wp-content\/uploads\/2023\/07\/Papereria-Eva-Sant-Feliu-de-Guixols-Serveis-5.jpg\" data-width=\"850\" data-height=\"638\" aria-label=\"Papereria Eva - Sant Feliu de Gu\u00edxols - Serveis\" role=\"img\" ><\/div>\n\t\t\t\t\t\t\t\t\t\t\t<div class=\"elementor-gallery-item__overlay\"><\/div>\n\t\t\t\t\t\t\t\t\t\t\t\t\t\t<\/a>\n\t\t\t\t\t\t\t<a class=\"e-gallery-item elementor-gallery-item elementor-animated-content\" href=\"https:\/\/www.papereriaeva.com\/wp-content\/uploads\/2023\/07\/Papereria-Eva-Sant-Feliu-de-Guixols-Serveis-4.jpg\" data-elementor-open-lightbox=\"yes\" data-elementor-lightbox-slideshow=\"133f4d2\" data-elementor-lightbox-title=\"Papereria Eva - Sant Feliu de Gu\u00edxols - Servicios\" data-e-action-hash=\"#elementor-action%3Aaction%3Dlightbox%26settings%3DeyJpZCI6MjE2NSwidXJsIjoiaHR0cHM6XC9cL3d3dy5wYXBlcmVyaWFldmEuY29tXC93cC1jb250ZW50XC91cGxvYWRzXC8yMDIzXC8wN1wvUGFwZXJlcmlhLUV2YS1TYW50LUZlbGl1LWRlLUd1aXhvbHMtU2VydmVpcy00LmpwZyIsInNsaWRlc2hvdyI6IjEzM2Y0ZDIifQ%3D%3D\">\n\t\t\t\t\t<div class=\"e-gallery-image elementor-gallery-item__image\" data-thumbnail=\"https:\/\/www.papereriaeva.com\/wp-content\/uploads\/2023\/07\/Papereria-Eva-Sant-Feliu-de-Guixols-Serveis-4.jpg\" data-width=\"850\" data-height=\"638\" aria-label=\"Papereria Eva - Sant Feliu de Gu\u00edxols - Serveis\" role=\"img\" ><\/div>\n\t\t\t\t\t\t\t\t\t\t\t<div class=\"elementor-gallery-item__overlay\"><\/div>\n\t\t\t\t\t\t\t\t\t\t\t\t\t\t<\/a>\n\t\t\t\t\t\t\t<a class=\"e-gallery-item elementor-gallery-item elementor-animated-content\" href=\"https:\/\/www.papereriaeva.com\/wp-content\/uploads\/2023\/12\/Papereria-Eva-Sant-Feliu-de-Guixols-Serveis-9.jpg\" data-elementor-open-lightbox=\"yes\" data-elementor-lightbox-slideshow=\"133f4d2\" data-elementor-lightbox-title=\"Papereria Eva - Sant Feliu de Gu\u00edxols - Servicios\" data-e-action-hash=\"#elementor-action%3Aaction%3Dlightbox%26settings%3DeyJpZCI6MjM1OSwidXJsIjoiaHR0cHM6XC9cL3d3dy5wYXBlcmVyaWFldmEuY29tXC93cC1jb250ZW50XC91cGxvYWRzXC8yMDIzXC8xMlwvUGFwZXJlcmlhLUV2YS1TYW50LUZlbGl1LWRlLUd1aXhvbHMtU2VydmVpcy05LmpwZyIsInNsaWRlc2hvdyI6IjEzM2Y0ZDIifQ%3D%3D\">\n\t\t\t\t\t<div class=\"e-gallery-image elementor-gallery-item__image\" data-thumbnail=\"https:\/\/www.papereriaeva.com\/wp-content\/uploads\/2023\/12\/Papereria-Eva-Sant-Feliu-de-Guixols-Serveis-9.jpg\" data-width=\"850\" data-height=\"638\" aria-label=\"Papereria Eva - Sant Feliu de Gu\u00edxols - Serveis\" role=\"img\" ><\/div>\n\t\t\t\t\t\t\t\t\t\t\t<div class=\"elementor-gallery-item__overlay\"><\/div>\n\t\t\t\t\t\t\t\t\t\t\t\t\t\t<\/a>\n\t\t\t\t\t\t\t<a class=\"e-gallery-item elementor-gallery-item elementor-animated-content\" href=\"https:\/\/www.papereriaeva.com\/wp-content\/uploads\/2023\/07\/Papereria-Eva-Sant-Feliu-de-Guixols-Serveis-2.jpg\" data-elementor-open-lightbox=\"yes\" data-elementor-lightbox-slideshow=\"133f4d2\" data-elementor-lightbox-title=\"Papereria Eva - Sant Feliu de Gu\u00edxols - Servicios\" data-e-action-hash=\"#elementor-action%3Aaction%3Dlightbox%26settings%3DeyJpZCI6MjE2MywidXJsIjoiaHR0cHM6XC9cL3d3dy5wYXBlcmVyaWFldmEuY29tXC93cC1jb250ZW50XC91cGxvYWRzXC8yMDIzXC8wN1wvUGFwZXJlcmlhLUV2YS1TYW50LUZlbGl1LWRlLUd1aXhvbHMtU2VydmVpcy0yLmpwZyIsInNsaWRlc2hvdyI6IjEzM2Y0ZDIifQ%3D%3D\">\n\t\t\t\t\t<div class=\"e-gallery-image elementor-gallery-item__image\" data-thumbnail=\"https:\/\/www.papereriaeva.com\/wp-content\/uploads\/2023\/07\/Papereria-Eva-Sant-Feliu-de-Guixols-Serveis-2.jpg\" data-width=\"850\" data-height=\"638\" aria-label=\"Papereria Eva - Sant Feliu de Gu\u00edxols - Serveis\" role=\"img\" ><\/div>\n\t\t\t\t\t\t\t\t\t\t\t<div class=\"elementor-gallery-item__overlay\"><\/div>\n\t\t\t\t\t\t\t\t\t\t\t\t\t\t<\/a>\n\t\t\t\t\t\t\t<a class=\"e-gallery-item elementor-gallery-item elementor-animated-content\" href=\"https:\/\/www.papereriaeva.com\/wp-content\/uploads\/2023\/12\/Papereria-Eva-Sant-Feliu-de-Guixols-Serveis-12.jpg\" data-elementor-open-lightbox=\"yes\" data-elementor-lightbox-slideshow=\"133f4d2\" data-elementor-lightbox-title=\"Papereria Eva - Sant Feliu de Gu\u00edxols - Servicios\" data-e-action-hash=\"#elementor-action%3Aaction%3Dlightbox%26settings%3DeyJpZCI6MjM2MiwidXJsIjoiaHR0cHM6XC9cL3d3dy5wYXBlcmVyaWFldmEuY29tXC93cC1jb250ZW50XC91cGxvYWRzXC8yMDIzXC8xMlwvUGFwZXJlcmlhLUV2YS1TYW50LUZlbGl1LWRlLUd1aXhvbHMtU2VydmVpcy0xMi5qcGciLCJzbGlkZXNob3ciOiIxMzNmNGQyIn0%3D\">\n\t\t\t\t\t<div class=\"e-gallery-image elementor-gallery-item__image\" data-thumbnail=\"https:\/\/www.papereriaeva.com\/wp-content\/uploads\/2023\/12\/Papereria-Eva-Sant-Feliu-de-Guixols-Serveis-12.jpg\" data-width=\"850\" data-height=\"638\" aria-label=\"Papereria Eva - Sant Feliu de Gu\u00edxols - Serveis\" role=\"img\" ><\/div>\n\t\t\t\t\t\t\t\t\t\t\t<div class=\"elementor-gallery-item__overlay\"><\/div>\n\t\t\t\t\t\t\t\t\t\t\t\t\t\t<\/a>\n\t\t\t\t\t\t\t<a class=\"e-gallery-item elementor-gallery-item elementor-animated-content\" href=\"https:\/\/www.papereriaeva.com\/wp-content\/uploads\/2023\/07\/Papereria-Eva-Sant-Feliu-de-Guixols-Serveis-1.jpg\" data-elementor-open-lightbox=\"yes\" data-elementor-lightbox-slideshow=\"133f4d2\" data-elementor-lightbox-title=\"Papereria Eva - Sant Feliu de Gu\u00edxols - Servicios\" data-e-action-hash=\"#elementor-action%3Aaction%3Dlightbox%26settings%3DeyJpZCI6MjE2MiwidXJsIjoiaHR0cHM6XC9cL3d3dy5wYXBlcmVyaWFldmEuY29tXC93cC1jb250ZW50XC91cGxvYWRzXC8yMDIzXC8wN1wvUGFwZXJlcmlhLUV2YS1TYW50LUZlbGl1LWRlLUd1aXhvbHMtU2VydmVpcy0xLmpwZyIsInNsaWRlc2hvdyI6IjEzM2Y0ZDIifQ%3D%3D\">\n\t\t\t\t\t<div class=\"e-gallery-image elementor-gallery-item__image\" data-thumbnail=\"https:\/\/www.papereriaeva.com\/wp-content\/uploads\/2023\/07\/Papereria-Eva-Sant-Feliu-de-Guixols-Serveis-1.jpg\" data-width=\"850\" data-height=\"638\" aria-label=\"Papereria Eva - Sant Feliu de Gu\u00edxols - Serveis\" role=\"img\" ><\/div>\n\t\t\t\t\t\t\t\t\t\t\t<div class=\"elementor-gallery-item__overlay\"><\/div>\n\t\t\t\t\t\t\t\t\t\t\t\t\t\t<\/a>\n\t\t\t\t\t<\/div>\n\t\t\t\t\t<\/div>\n\t\t\t\t<\/div>\n\t\t\t\t\t<\/div>\n\t\t<\/div>\n\t\t\t\t\t<\/div>\n\t\t<\/section>\n\t\t\t\t<\/div>\n\t\t","protected":false},"excerpt":{"rendered":"<p>\u00a1En Papereria Eva, servicio de imprenta y copister\u00eda al momento! Fotocopias en blanco y negro y a color hasta medida DinA3. Ampliaciones. Impresiones de documentos desde usb o correo electr\u00f3nico. Encuadernaciones. Plastificaciones&#8230;. \u00a1Y muchos m\u00e1s servicios! Copia de llaves al instante. Calendarios, carn\u00e9s, papeler\u00eda. Fotos D.N.I. Ven a Papereria Eva, \u00a1daremos soluci\u00f3n a aquello que<br \/><a class=\"moretag\" href=\"https:\/\/www.papereriaeva.com\/es\/serveis\/\">+ Read More<\/a><\/p>\n","protected":false},"author":1,"featured_media":2156,"parent":0,"menu_order":0,"comment_status":"closed","ping_status":"closed","template":"templates\/page-fullwidth_template.php","meta":{"footnotes":""},"class_list":["post-586","page","type-page","status-publish","has-post-thumbnail","hentry"],"_links":{"self":[{"href":"https:\/\/www.papereriaeva.com\/es\/wp-json\/wp\/v2\/pages\/586","targetHints":{"allow":["GET"]}}],"collection":[{"href":"https:\/\/www.papereriaeva.com\/es\/wp-json\/wp\/v2\/pages"}],"about":[{"href":"https:\/\/www.papereriaeva.com\/es\/wp-json\/wp\/v2\/types\/page"}],"author":[{"embeddable":true,"href":"https:\/\/www.papereriaeva.com\/es\/wp-json\/wp\/v2\/users\/1"}],"replies":[{"embeddable":true,"href":"https:\/\/www.papereriaeva.com\/es\/wp-json\/wp\/v2\/comments?post=586"}],"version-history":[{"count":0,"href":"https:\/\/www.papereriaeva.com\/es\/wp-json\/wp\/v2\/pages\/586\/revisions"}],"wp:featuredmedia":[{"embeddable":true,"href":"https:\/\/www.papereriaeva.com\/es\/wp-json\/wp\/v2\/media\/2156"}],"wp:attachment":[{"href":"https:\/\/www.papereriaeva.com\/es\/wp-json\/wp\/v2\/media?parent=586"}],"curies":[{"name":"wp","href":"https:\/\/api.w.org\/{rel}","templated":true}]}}